{"id":3792,"date":"2019-10-20T10:51:35","date_gmt":"2019-10-20T10:51:35","guid":{"rendered":"https:\/\/delinoprofessional.be\/?page_id=3792"},"modified":"2025-10-17T11:41:00","modified_gmt":"2025-10-17T11:41:00","slug":"verpakkingen-3l","status":"publish","type":"page","link":"https:\/\/delinoprofessional.be\/fr\/verpakkingen-3l\/","title":{"rendered":"Verpakkingen 3L"},"content":{"rendered":"<div class=\"wpb-content-wrapper\"><div class=\"vc_row wpb_row section vc_row-fluid\" style=' text-align:left;'><div class=\"full_section_inner clearfix\"><div class=\"wpb_column vc_column_container vc_col-sm-12\"><div class=\"vc_column-inner\"><div class=\"wpb_wrapper\"><\/div><\/div><\/div><\/div><\/div><div      class=\"vc_row wpb_row section vc_row-fluid  vc_custom_1751395431109\" style=' text-align:left;'><div class=\"full_section_inner clearfix\"><div class=\"wpb_column vc_column_container vc_col-sm-12\"><div class=\"vc_column-inner\"><div class=\"wpb_wrapper\"><div      class=\"vc_row wpb_row section vc_row-fluid vc_inner\" style=' text-align:left;'><div class=\"full_section_inner clearfix\"><div class=\"wpb_column vc_column_container vc_col-sm-2\"><div class=\"vc_column-inner\"><div class=\"wpb_wrapper\"><\/div><\/div><\/div><div class=\"wpb_column vc_column_container vc_col-sm-8\"><div class=\"vc_column-inner\"><div class=\"wpb_wrapper\">\n\t<div class=\"wpb_single_image wpb_content_element vc_align_center\">\n\t\t<div class=\"wpb_wrapper\">\n\t\t\t\n\t\t\t<div class=\"vc_single_image-wrapper   vc_box_border_grey\"><\/div>\n\t\t<\/div>\n\t<\/div>\n\n\t<div class=\"wpb_text_column wpb_content_element\">\n\t\t<div class=\"wpb_wrapper\">\n\t\t\t<h1 style=\"text-align: center;\">Disponible en PET de 3 L<\/h1>\n\n\t\t<\/div>\n\t<\/div><div class=\"vc_empty_space\"  style=\"height: 40px\" >\n\t<span class=\"vc_empty_space_inner\">\n\t\t<span class=\"empty_space_image\"  ><\/span>\n\t<\/span>\n<\/div><\/div><\/div><\/div><div class=\"wpb_column vc_column_container vc_col-sm-2\"><div class=\"vc_column-inner\"><div class=\"wpb_wrapper\"><\/div><\/div><\/div><\/div><\/div><\/div><\/div><\/div><\/div><\/div><div      class=\"vc_row wpb_row section vc_row-fluid  grid_section\" style=' text-align:center;'><div class=\"section_inner clearfix\"><div class='section_inner_margin clearfix'><div class=\"wpb_column vc_column_container vc_col-sm-3\"><div class=\"vc_column-inner\"><div class=\"wpb_wrapper\">\n\t<div class=\"wpb_single_image wpb_content_element vc_align_center\">\n\t\t<div class=\"wpb_wrapper\">\n\t\t\t\n\t\t\t<div class=\"vc_single_image-wrapper   vc_box_border_grey\"><img loading=\"lazy\" decoding=\"async\" width=\"150\" height=\"150\" src=\"https:\/\/delinoprofessional.be\/wp-content\/uploads\/2025\/10\/Americaine-150x150.png\" class=\"vc_single_image-img attachment-thumbnail\" alt=\"\" title=\"Americaine\" srcset=\"https:\/\/delinoprofessional.be\/wp-content\/uploads\/2025\/10\/Americaine-150x150.png 150w, https:\/\/delinoprofessional.be\/wp-content\/uploads\/2025\/10\/Americaine-300x300.png 300w, https:\/\/delinoprofessional.be\/wp-content\/uploads\/2025\/10\/Americaine-12x12.png 12w, https:\/\/delinoprofessional.be\/wp-content\/uploads\/2025\/10\/Americaine-75x75.png 75w, https:\/\/delinoprofessional.be\/wp-content\/uploads\/2025\/10\/Americaine-500x500.png 500w, https:\/\/delinoprofessional.be\/wp-content\/uploads\/2025\/10\/Americaine-100x100.png 100w, https:\/\/delinoprofessional.be\/wp-content\/uploads\/2025\/10\/Americaine.png 568w\" sizes=\"auto, (max-width: 150px) 100vw, 150px\" \/><\/div>\n\t\t<\/div>\n\t<\/div>\n<a  itemprop=\"url\" href=\"https:\/\/delinoprofessional.be\/fr\/produit\/americaine\/\" target=\"_self\" data-hover-color=\"#F7E6D1\" class=\"qbutton  center default\" style=\"color: #08624A; border-color: #FBF3E8; \">Am\u00e9ricaine<\/a><\/div><\/div><\/div><div class=\"wpb_column vc_column_container vc_col-sm-3\"><div class=\"vc_column-inner\"><div class=\"wpb_wrapper\">\n\t<div class=\"wpb_single_image wpb_content_element vc_align_center\">\n\t\t<div class=\"wpb_wrapper\">\n\t\t\t\n\t\t\t<div class=\"vc_single_image-wrapper   vc_box_border_grey\"><img loading=\"lazy\" decoding=\"async\" width=\"150\" height=\"150\" src=\"https:\/\/delinoprofessional.be\/wp-content\/uploads\/2025\/10\/Andalouse-150x150.png\" class=\"vc_single_image-img attachment-thumbnail\" alt=\"\" title=\"Andalouse\" srcset=\"https:\/\/delinoprofessional.be\/wp-content\/uploads\/2025\/10\/Andalouse-150x150.png 150w, https:\/\/delinoprofessional.be\/wp-content\/uploads\/2025\/10\/Andalouse-300x300.png 300w, https:\/\/delinoprofessional.be\/wp-content\/uploads\/2025\/10\/Andalouse-12x12.png 12w, https:\/\/delinoprofessional.be\/wp-content\/uploads\/2025\/10\/Andalouse-75x75.png 75w, https:\/\/delinoprofessional.be\/wp-content\/uploads\/2025\/10\/Andalouse-500x500.png 500w, https:\/\/delinoprofessional.be\/wp-content\/uploads\/2025\/10\/Andalouse-100x100.png 100w, https:\/\/delinoprofessional.be\/wp-content\/uploads\/2025\/10\/Andalouse.png 568w\" sizes=\"auto, (max-width: 150px) 100vw, 150px\" \/><\/div>\n\t\t<\/div>\n\t<\/div>\n<a  itemprop=\"url\" href=\"https:\/\/delinoprofessional.be\/fr\/produit\/andalouse\/\" target=\"_self\" data-hover-color=\"#F7E6D1\" class=\"qbutton  center default\" style=\"color: #08624A; border-color: #FBF3E8; \">Andalouse<\/a><\/div><\/div><\/div><div class=\"wpb_column vc_column_container vc_col-sm-3\"><div class=\"vc_column-inner\"><div class=\"wpb_wrapper\">\n\t<div class=\"wpb_single_image wpb_content_element vc_align_center\">\n\t\t<div class=\"wpb_wrapper\">\n\t\t\t\n\t\t\t<div class=\"vc_single_image-wrapper   vc_box_border_grey\"><img loading=\"lazy\" decoding=\"async\" width=\"150\" height=\"150\" src=\"https:\/\/delinoprofessional.be\/wp-content\/uploads\/2025\/10\/Cocktail-150x150.png\" class=\"vc_single_image-img attachment-thumbnail\" alt=\"\" title=\"Cocktail\" srcset=\"https:\/\/delinoprofessional.be\/wp-content\/uploads\/2025\/10\/Cocktail-150x150.png 150w, https:\/\/delinoprofessional.be\/wp-content\/uploads\/2025\/10\/Cocktail-300x300.png 300w, https:\/\/delinoprofessional.be\/wp-content\/uploads\/2025\/10\/Cocktail-12x12.png 12w, https:\/\/delinoprofessional.be\/wp-content\/uploads\/2025\/10\/Cocktail-75x75.png 75w, https:\/\/delinoprofessional.be\/wp-content\/uploads\/2025\/10\/Cocktail-500x500.png 500w, https:\/\/delinoprofessional.be\/wp-content\/uploads\/2025\/10\/Cocktail-100x100.png 100w, https:\/\/delinoprofessional.be\/wp-content\/uploads\/2025\/10\/Cocktail.png 568w\" sizes=\"auto, (max-width: 150px) 100vw, 150px\" \/><\/div>\n\t\t<\/div>\n\t<\/div>\n<a  itemprop=\"url\" href=\"https:\/\/delinoprofessional.be\/fr\/produit\/cocktail\/\" target=\"_self\" data-hover-color=\"#F7E6D1\" class=\"qbutton  center default\" style=\"color: #08624A; border-color: #FBF3E8; \">Cocktail<\/a><\/div><\/div><\/div><div class=\"wpb_column vc_column_container vc_col-sm-3\"><div class=\"vc_column-inner\"><div class=\"wpb_wrapper\">\n\t<div class=\"wpb_single_image wpb_content_element vc_align_center\">\n\t\t<div class=\"wpb_wrapper\">\n\t\t\t\n\t\t\t<div class=\"vc_single_image-wrapper   vc_box_border_grey\"><img loading=\"lazy\" decoding=\"async\" width=\"150\" height=\"150\" src=\"https:\/\/delinoprofessional.be\/wp-content\/uploads\/2025\/10\/Looksaus-150x150.png\" class=\"vc_single_image-img attachment-thumbnail\" alt=\"\" title=\"Sauce \u00e0 l&#039;ail\" srcset=\"https:\/\/delinoprofessional.be\/wp-content\/uploads\/2025\/10\/Looksaus-150x150.png 150w, https:\/\/delinoprofessional.be\/wp-content\/uploads\/2025\/10\/Looksaus-300x300.png 300w, https:\/\/delinoprofessional.be\/wp-content\/uploads\/2025\/10\/Looksaus-12x12.png 12w, https:\/\/delinoprofessional.be\/wp-content\/uploads\/2025\/10\/Looksaus-75x75.png 75w, https:\/\/delinoprofessional.be\/wp-content\/uploads\/2025\/10\/Looksaus-500x500.png 500w, https:\/\/delinoprofessional.be\/wp-content\/uploads\/2025\/10\/Looksaus-100x100.png 100w, https:\/\/delinoprofessional.be\/wp-content\/uploads\/2025\/10\/Looksaus.png 568w\" sizes=\"auto, (max-width: 150px) 100vw, 150px\" \/><\/div>\n\t\t<\/div>\n\t<\/div>\n<a  itemprop=\"url\" href=\"https:\/\/delinoprofessional.be\/fr\/produit\/looksaus\/\" target=\"_self\" data-hover-color=\"#F7E6D1\" class=\"qbutton  center default\" style=\"color: #08624A; border-color: #FBF3E8; \">Sauce \u00e0 l'ail<\/a><\/div><\/div><\/div><\/div><\/div><\/div><div      class=\"vc_row wpb_row section vc_row-fluid  grid_section\" style=' text-align:center;'><div class=\"section_inner clearfix\"><div class='section_inner_margin clearfix'><div class=\"wpb_column vc_column_container vc_col-sm-3\"><div class=\"vc_column-inner\"><div class=\"wpb_wrapper\">\n\t<div class=\"wpb_single_image wpb_content_element vc_align_center\">\n\t\t<div class=\"wpb_wrapper\">\n\t\t\t\n\t\t\t<div class=\"vc_single_image-wrapper   vc_box_border_grey\"><img loading=\"lazy\" decoding=\"async\" width=\"150\" height=\"150\" src=\"https:\/\/delinoprofessional.be\/wp-content\/uploads\/2025\/10\/Mayonaise-halfvast-150x150.png\" class=\"vc_single_image-img attachment-thumbnail\" alt=\"\" title=\"Mayonnaise demi-ferme\" srcset=\"https:\/\/delinoprofessional.be\/wp-content\/uploads\/2025\/10\/Mayonaise-halfvast-150x150.png 150w, https:\/\/delinoprofessional.be\/wp-content\/uploads\/2025\/10\/Mayonaise-halfvast-300x300.png 300w, https:\/\/delinoprofessional.be\/wp-content\/uploads\/2025\/10\/Mayonaise-halfvast-12x12.png 12w, https:\/\/delinoprofessional.be\/wp-content\/uploads\/2025\/10\/Mayonaise-halfvast-75x75.png 75w, https:\/\/delinoprofessional.be\/wp-content\/uploads\/2025\/10\/Mayonaise-halfvast-500x500.png 500w, https:\/\/delinoprofessional.be\/wp-content\/uploads\/2025\/10\/Mayonaise-halfvast-100x100.png 100w, https:\/\/delinoprofessional.be\/wp-content\/uploads\/2025\/10\/Mayonaise-halfvast.png 568w\" sizes=\"auto, (max-width: 150px) 100vw, 150px\" \/><\/div>\n\t\t<\/div>\n\t<\/div>\n<a  itemprop=\"url\" href=\"https:\/\/delinoprofessional.be\/fr\/produit\/mayonaise-halfvast\/\" target=\"_self\" data-hover-color=\"#F7E6D1\" class=\"qbutton  center default\" style=\"color: #08624A; border-color: #FBF3E8; \">Mayonnaise demi-ferme<\/a><\/div><\/div><\/div><div class=\"wpb_column vc_column_container vc_col-sm-3\"><div class=\"vc_column-inner\"><div class=\"wpb_wrapper\">\n\t<div class=\"wpb_single_image wpb_content_element vc_align_center\">\n\t\t<div class=\"wpb_wrapper\">\n\t\t\t\n\t\t\t<div class=\"vc_single_image-wrapper   vc_box_border_grey\"><img loading=\"lazy\" decoding=\"async\" width=\"150\" height=\"150\" src=\"https:\/\/delinoprofessional.be\/wp-content\/uploads\/2025\/10\/Mosterd-150x150.png\" class=\"vc_single_image-img attachment-thumbnail\" alt=\"\" title=\"Moutarde\" srcset=\"https:\/\/delinoprofessional.be\/wp-content\/uploads\/2025\/10\/Mosterd-150x150.png 150w, https:\/\/delinoprofessional.be\/wp-content\/uploads\/2025\/10\/Mosterd-300x300.png 300w, https:\/\/delinoprofessional.be\/wp-content\/uploads\/2025\/10\/Mosterd-12x12.png 12w, https:\/\/delinoprofessional.be\/wp-content\/uploads\/2025\/10\/Mosterd-75x75.png 75w, https:\/\/delinoprofessional.be\/wp-content\/uploads\/2025\/10\/Mosterd-500x500.png 500w, https:\/\/delinoprofessional.be\/wp-content\/uploads\/2025\/10\/Mosterd-100x100.png 100w, https:\/\/delinoprofessional.be\/wp-content\/uploads\/2025\/10\/Mosterd.png 568w\" sizes=\"auto, (max-width: 150px) 100vw, 150px\" \/><\/div>\n\t\t<\/div>\n\t<\/div>\n<a  itemprop=\"url\" href=\"https:\/\/delinoprofessional.be\/fr\/produit\/mosterd\/\" target=\"_self\" data-hover-color=\"#F7E6D1\" class=\"qbutton  center default\" style=\"color: #08624A; border-color: #FBF3E8; \">Moutarde<\/a><\/div><\/div><\/div><div class=\"wpb_column vc_column_container vc_col-sm-3\"><div class=\"vc_column-inner\"><div class=\"wpb_wrapper\">\n\t<div class=\"wpb_single_image wpb_content_element vc_align_center\">\n\t\t<div class=\"wpb_wrapper\">\n\t\t\t\n\t\t\t<div class=\"vc_single_image-wrapper   vc_box_border_grey\"><img loading=\"lazy\" decoding=\"async\" width=\"150\" height=\"150\" src=\"https:\/\/delinoprofessional.be\/wp-content\/uploads\/2025\/10\/Samourai-150x150.png\" class=\"vc_single_image-img attachment-thumbnail\" alt=\"\" title=\"Samourai\" srcset=\"https:\/\/delinoprofessional.be\/wp-content\/uploads\/2025\/10\/Samourai-150x150.png 150w, https:\/\/delinoprofessional.be\/wp-content\/uploads\/2025\/10\/Samourai-300x300.png 300w, https:\/\/delinoprofessional.be\/wp-content\/uploads\/2025\/10\/Samourai-12x12.png 12w, https:\/\/delinoprofessional.be\/wp-content\/uploads\/2025\/10\/Samourai-75x75.png 75w, https:\/\/delinoprofessional.be\/wp-content\/uploads\/2025\/10\/Samourai-500x500.png 500w, https:\/\/delinoprofessional.be\/wp-content\/uploads\/2025\/10\/Samourai-100x100.png 100w, https:\/\/delinoprofessional.be\/wp-content\/uploads\/2025\/10\/Samourai.png 568w\" sizes=\"auto, (max-width: 150px) 100vw, 150px\" \/><\/div>\n\t\t<\/div>\n\t<\/div>\n<a  itemprop=\"url\" href=\"https:\/\/delinoprofessional.be\/fr\/produit\/samourai\/\" target=\"_self\" data-hover-color=\"#F7E6D1\" class=\"qbutton  center default\" style=\"color: #08624A; border-color: #FBF3E8; \">Samourai<\/a><\/div><\/div><\/div><div class=\"wpb_column vc_column_container vc_col-sm-3\"><div class=\"vc_column-inner\"><div class=\"wpb_wrapper\">\n\t<div class=\"wpb_single_image wpb_content_element vc_align_center\">\n\t\t<div class=\"wpb_wrapper\">\n\t\t\t\n\t\t\t<div class=\"vc_single_image-wrapper   vc_box_border_grey\"><img loading=\"lazy\" decoding=\"async\" width=\"150\" height=\"150\" src=\"https:\/\/delinoprofessional.be\/wp-content\/uploads\/2025\/10\/Tartaarsaus.png\" class=\"vc_single_image-img attachment-thumbnail\" alt=\"\" title=\"Sauce Tartare\" srcset=\"https:\/\/delinoprofessional.be\/wp-content\/uploads\/2025\/10\/Tartaarsaus.png 568w, https:\/\/delinoprofessional.be\/wp-content\/uploads\/2025\/10\/Tartaarsaus-300x300.png 300w, https:\/\/delinoprofessional.be\/wp-content\/uploads\/2025\/10\/Tartaarsaus-150x150.png 150w, https:\/\/delinoprofessional.be\/wp-content\/uploads\/2025\/10\/Tartaarsaus-12x12.png 12w, https:\/\/delinoprofessional.be\/wp-content\/uploads\/2025\/10\/Tartaarsaus-75x75.png 75w, https:\/\/delinoprofessional.be\/wp-content\/uploads\/2025\/10\/Tartaarsaus-500x500.png 500w, https:\/\/delinoprofessional.be\/wp-content\/uploads\/2025\/10\/Tartaarsaus-100x100.png 100w\" sizes=\"auto, (max-width: 150px) 100vw, 150px\" \/><\/div>\n\t\t<\/div>\n\t<\/div>\n<a  itemprop=\"url\" href=\"https:\/\/delinoprofessional.be\/fr\/produit\/tartaarsaus\/\" target=\"_self\" data-hover-color=\"#F7E6D1\" class=\"qbutton  center default\" style=\"color: #08624A; border-color: #FBF3E8; \">Sauce Tartare<\/a><\/div><\/div><\/div><\/div><\/div><\/div><div      class=\"vc_row wpb_row section vc_row-fluid  grid_section\" style=' text-align:center;'><div class=\"section_inner clearfix\"><div class='section_inner_margin clearfix'><div class=\"wpb_column vc_column_container vc_col-sm-3\"><div class=\"vc_column-inner\"><div class=\"wpb_wrapper\">\n\t<div class=\"wpb_single_image wpb_content_element vc_align_center\">\n\t\t<div class=\"wpb_wrapper\">\n\t\t\t\n\t\t\t<div class=\"vc_single_image-wrapper   vc_box_border_grey\"><img loading=\"lazy\" decoding=\"async\" width=\"150\" height=\"150\" src=\"https:\/\/delinoprofessional.be\/wp-content\/uploads\/2025\/10\/Tomato-Ketchup-150x150.png\" class=\"vc_single_image-img attachment-thumbnail\" alt=\"\" title=\"Tomato Ketchup\" srcset=\"https:\/\/delinoprofessional.be\/wp-content\/uploads\/2025\/10\/Tomato-Ketchup-150x150.png 150w, https:\/\/delinoprofessional.be\/wp-content\/uploads\/2025\/10\/Tomato-Ketchup-300x300.png 300w, https:\/\/delinoprofessional.be\/wp-content\/uploads\/2025\/10\/Tomato-Ketchup-12x12.png 12w, https:\/\/delinoprofessional.be\/wp-content\/uploads\/2025\/10\/Tomato-Ketchup-75x75.png 75w, https:\/\/delinoprofessional.be\/wp-content\/uploads\/2025\/10\/Tomato-Ketchup-500x500.png 500w, https:\/\/delinoprofessional.be\/wp-content\/uploads\/2025\/10\/Tomato-Ketchup-100x100.png 100w, https:\/\/delinoprofessional.be\/wp-content\/uploads\/2025\/10\/Tomato-Ketchup.png 568w\" sizes=\"auto, (max-width: 150px) 100vw, 150px\" \/><\/div>\n\t\t<\/div>\n\t<\/div>\n<a  itemprop=\"url\" href=\"https:\/\/delinoprofessional.be\/fr\/produit\/tomato-ketchup\/\" target=\"_self\" data-hover-color=\"#F7E6D1\" class=\"qbutton  center default\" style=\"color: #08624A; border-color: #FBF3E8; \">Tomato ketchup<\/a><\/div><\/div><\/div><div class=\"wpb_column vc_column_container vc_col-sm-3\"><div class=\"vc_column-inner\"><div class=\"wpb_wrapper\"><\/div><\/div><\/div><div class=\"wpb_column vc_column_container vc_col-sm-3\"><div class=\"vc_column-inner\"><div class=\"wpb_wrapper\"><\/div><\/div><\/div><div class=\"wpb_column vc_column_container vc_col-sm-3\"><div class=\"vc_column-inner\"><div class=\"wpb_wrapper\"><\/div><\/div><\/div><\/div><\/div><\/div><div      class=\"vc_row wpb_row section vc_row-fluid\" style=' text-align:left;'><div class=\"full_section_inner clearfix\"><div class=\"wpb_column vc_column_container vc_col-sm-12\"><div class=\"vc_column-inner\"><div class=\"wpb_wrapper\"><div class=\"vc_empty_space\"  style=\"height: 100px\" >\n\t<span class=\"vc_empty_space_inner\">\n\t\t<span class=\"empty_space_image\"  ><\/span>\n\t<\/span>\n<\/div><\/div><\/div><\/div><\/div><\/div><div      class=\"vc_row wpb_row section vc_row-fluid  vc_custom_1751395442180\" style=' text-align:center;'><div class=\"full_section_inner clearfix\"><div class=\"wpb_column vc_column_container vc_col-sm-12\"><div class=\"vc_column-inner\"><div class=\"wpb_wrapper\">\n\t<div class=\"wpb_text_column wpb_content_element\">\n\t\t<div class=\"wpb_wrapper\">\n\t\t\t<p><span style=\"color: #ffffff;\">Chaque produit est apport\u00e9 dans un emballage adapt\u00e9 aux besoins de l'utilisateur. Des bouteilles pour la cuisine \u00e0 la maison aux seaux pour le traiteur. Des conteneurs (1000 litres) sont \u00e9galement disponibles sur demande.<\/span><\/p>\n\n\t\t<\/div>\n\t<\/div><\/div><\/div><\/div><\/div><\/div>\n<\/div>","protected":false},"excerpt":{"rendered":"Verkrijgbaar in 3 L PET Am\u00e9ricaine Andalouse Cocktail Looksaus Mayonaise halfvast Mosterd Samourai Tartaar Tomato ketchup Elk product wordt gebracht in een verpakking aangepast aan de noden van de gebruiker. Van flesjes voor de keuken thuis tot emmers voor de traiteur. Op vraag zijn ook...","protected":false},"author":1,"featured_media":0,"parent":0,"menu_order":0,"comment_status":"closed","ping_status":"closed","template":"full_width.php","meta":{"om_disable_all_campaigns":false,"wprm-recipe-roundup-name":"","wprm-recipe-roundup-description":"","wpupg_custom_link":[],"wpupg_custom_link_behaviour":["default"],"wpupg_custom_link_nofollow":["default"],"wpupg_custom_image":[],"wpupg_custom_image_id":[],"_monsterinsights_skip_tracking":false,"_monsterinsights_sitenote_active":false,"_monsterinsights_sitenote_note":"","_monsterinsights_sitenote_category":0,"_uf_show_specific_survey":0,"_uf_disable_surveys":false,"footnotes":""},"class_list":["post-3792","page","type-page","status-publish","hentry"],"aioseo_notices":[],"yoast_head":"<!-- This site is optimized with the Yoast SEO plugin v26.5 - https:\/\/yoast.com\/wordpress\/plugins\/seo\/ -->\n<title>Verpakkingen 3L - Delino Professional<\/title>\n<meta name=\"robots\" content=\"index, follow, max-snippet:-1, max-image-preview:large, max-video-preview:-1\" \/>\n<link rel=\"canonical\" href=\"https:\/\/delinoprofessional.be\/fr\/verpakkingen-3l\/\" \/>\n<meta property=\"og:locale\" content=\"fr_FR\" \/>\n<meta property=\"og:type\" content=\"article\" \/>\n<meta property=\"og:title\" content=\"Verpakkingen 3L - Delino Professional\" \/>\n<meta property=\"og:url\" content=\"https:\/\/delinoprofessional.be\/fr\/verpakkingen-3l\/\" \/>\n<meta property=\"og:site_name\" content=\"Delino Professional\" \/>\n<meta property=\"article:publisher\" content=\"https:\/\/www.facebook.com\/DelinoSauces\/\" \/>\n<meta property=\"article:modified_time\" content=\"2025-10-17T11:41:00+00:00\" \/>\n<meta name=\"twitter:card\" content=\"summary_large_image\" \/>\n<meta name=\"twitter:label1\" content=\"Est. reading time\" \/>\n\t<meta name=\"twitter:data1\" content=\"3 minutes\" \/>\n<script type=\"application\/ld+json\" class=\"yoast-schema-graph\">{\"@context\":\"https:\/\/schema.org\",\"@graph\":[{\"@type\":\"WebPage\",\"@id\":\"https:\/\/delinoprofessional.be\/verpakkingen-3l\/\",\"url\":\"https:\/\/delinoprofessional.be\/verpakkingen-3l\/\",\"name\":\"Verpakkingen 3L - Delino Professional\",\"isPartOf\":{\"@id\":\"https:\/\/delinoprofessional.be\/#website\"},\"datePublished\":\"2019-10-20T10:51:35+00:00\",\"dateModified\":\"2025-10-17T11:41:00+00:00\",\"breadcrumb\":{\"@id\":\"https:\/\/delinoprofessional.be\/verpakkingen-3l\/#breadcrumb\"},\"inLanguage\":\"fr-FR\",\"potentialAction\":[{\"@type\":\"ReadAction\",\"target\":[\"https:\/\/delinoprofessional.be\/verpakkingen-3l\/\"]}]},{\"@type\":\"BreadcrumbList\",\"@id\":\"https:\/\/delinoprofessional.be\/verpakkingen-3l\/#breadcrumb\",\"itemListElement\":[{\"@type\":\"ListItem\",\"position\":1,\"name\":\"Home\",\"item\":\"https:\/\/delinoprofessional.be\/\"},{\"@type\":\"ListItem\",\"position\":2,\"name\":\"Verpakkingen 3L\"}]},{\"@type\":\"WebSite\",\"@id\":\"https:\/\/delinoprofessional.be\/#website\",\"url\":\"https:\/\/delinoprofessional.be\/\",\"name\":\"Delino Professional\",\"description\":\"ge(s)maakt door fijnproevers\",\"publisher\":{\"@id\":\"https:\/\/delinoprofessional.be\/#organization\"},\"potentialAction\":[{\"@type\":\"SearchAction\",\"target\":{\"@type\":\"EntryPoint\",\"urlTemplate\":\"https:\/\/delinoprofessional.be\/?s={search_term_string}\"},\"query-input\":{\"@type\":\"PropertyValueSpecification\",\"valueRequired\":true,\"valueName\":\"search_term_string\"}}],\"inLanguage\":\"fr-FR\"},{\"@type\":\"Organization\",\"@id\":\"https:\/\/delinoprofessional.be\/#organization\",\"name\":\"Delino\",\"url\":\"https:\/\/delinoprofessional.be\/\",\"logo\":{\"@type\":\"ImageObject\",\"inLanguage\":\"fr-FR\",\"@id\":\"https:\/\/delinoprofessional.be\/#\/schema\/logo\/image\/\",\"url\":\"https:\/\/delinoprofessional.be\/wp-content\/uploads\/2020\/03\/Delino-logo.png\",\"contentUrl\":\"https:\/\/delinoprofessional.be\/wp-content\/uploads\/2020\/03\/Delino-logo.png\",\"width\":200,\"height\":178,\"caption\":\"Delino\"},\"image\":{\"@id\":\"https:\/\/delinoprofessional.be\/#\/schema\/logo\/image\/\"},\"sameAs\":[\"https:\/\/www.facebook.com\/DelinoSauces\/\",\"https:\/\/www.instagram.com\/delino_fine_sauces\/\",\"https:\/\/www.linkedin.com\/company\/delino-fine-sauces\/?originalSubdomain=be\"]}]}<\/script>\n<!-- \/ Yoast SEO plugin. -->","yoast_head_json":{"title":"Verpakkingen 3L - Delino Professional","robots":{"index":"index","follow":"follow","max-snippet":"max-snippet:-1","max-image-preview":"max-image-preview:large","max-video-preview":"max-video-preview:-1"},"canonical":"https:\/\/delinoprofessional.be\/fr\/verpakkingen-3l\/","og_locale":"fr_FR","og_type":"article","og_title":"Verpakkingen 3L - Delino Professional","og_url":"https:\/\/delinoprofessional.be\/fr\/verpakkingen-3l\/","og_site_name":"Delino Professional","article_publisher":"https:\/\/www.facebook.com\/DelinoSauces\/","article_modified_time":"2025-10-17T11:41:00+00:00","twitter_card":"summary_large_image","twitter_misc":{"Est. reading time":"3 minutes"},"schema":{"@context":"https:\/\/schema.org","@graph":[{"@type":"WebPage","@id":"https:\/\/delinoprofessional.be\/verpakkingen-3l\/","url":"https:\/\/delinoprofessional.be\/verpakkingen-3l\/","name":"Verpakkingen 3L - Delino Professional","isPartOf":{"@id":"https:\/\/delinoprofessional.be\/#website"},"datePublished":"2019-10-20T10:51:35+00:00","dateModified":"2025-10-17T11:41:00+00:00","breadcrumb":{"@id":"https:\/\/delinoprofessional.be\/verpakkingen-3l\/#breadcrumb"},"inLanguage":"fr-FR","potentialAction":[{"@type":"ReadAction","target":["https:\/\/delinoprofessional.be\/verpakkingen-3l\/"]}]},{"@type":"BreadcrumbList","@id":"https:\/\/delinoprofessional.be\/verpakkingen-3l\/#breadcrumb","itemListElement":[{"@type":"ListItem","position":1,"name":"Home","item":"https:\/\/delinoprofessional.be\/"},{"@type":"ListItem","position":2,"name":"Verpakkingen 3L"}]},{"@type":"WebSite","@id":"https:\/\/delinoprofessional.be\/#website","url":"https:\/\/delinoprofessional.be\/","name":"Delino Professional","description":"ge(s)maakt door fijnproevers","publisher":{"@id":"https:\/\/delinoprofessional.be\/#organization"},"potentialAction":[{"@type":"SearchAction","target":{"@type":"EntryPoint","urlTemplate":"https:\/\/delinoprofessional.be\/?s={search_term_string}"},"query-input":{"@type":"PropertyValueSpecification","valueRequired":true,"valueName":"search_term_string"}}],"inLanguage":"fr-FR"},{"@type":"Organization","@id":"https:\/\/delinoprofessional.be\/#organization","name":"Delino","url":"https:\/\/delinoprofessional.be\/","logo":{"@type":"ImageObject","inLanguage":"fr-FR","@id":"https:\/\/delinoprofessional.be\/#\/schema\/logo\/image\/","url":"https:\/\/delinoprofessional.be\/wp-content\/uploads\/2020\/03\/Delino-logo.png","contentUrl":"https:\/\/delinoprofessional.be\/wp-content\/uploads\/2020\/03\/Delino-logo.png","width":200,"height":178,"caption":"Delino"},"image":{"@id":"https:\/\/delinoprofessional.be\/#\/schema\/logo\/image\/"},"sameAs":["https:\/\/www.facebook.com\/DelinoSauces\/","https:\/\/www.instagram.com\/delino_fine_sauces\/","https:\/\/www.linkedin.com\/company\/delino-fine-sauces\/?originalSubdomain=be"]}]}},"rttpg_featured_image_url":null,"rttpg_author":{"display_name":"Delino Team","author_link":"https:\/\/delinoprofessional.be\/fr\/author\/admin\/"},"rttpg_comment":0,"rttpg_category":null,"rttpg_excerpt":null,"_links":{"self":[{"href":"https:\/\/delinoprofessional.be\/fr\/wp-json\/wp\/v2\/pages\/3792","targetHints":{"allow":["GET"]}}],"collection":[{"href":"https:\/\/delinoprofessional.be\/fr\/wp-json\/wp\/v2\/pages"}],"about":[{"href":"https:\/\/delinoprofessional.be\/fr\/wp-json\/wp\/v2\/types\/page"}],"author":[{"embeddable":true,"href":"https:\/\/delinoprofessional.be\/fr\/wp-json\/wp\/v2\/users\/1"}],"replies":[{"embeddable":true,"href":"https:\/\/delinoprofessional.be\/fr\/wp-json\/wp\/v2\/comments?post=3792"}],"version-history":[{"count":5,"href":"https:\/\/delinoprofessional.be\/fr\/wp-json\/wp\/v2\/pages\/3792\/revisions"}],"predecessor-version":[{"id":11568,"href":"https:\/\/delinoprofessional.be\/fr\/wp-json\/wp\/v2\/pages\/3792\/revisions\/11568"}],"wp:attachment":[{"href":"https:\/\/delinoprofessional.be\/fr\/wp-json\/wp\/v2\/media?parent=3792"}],"curies":[{"name":"wp","href":"https:\/\/api.w.org\/{rel}","templated":true}]}}