{"id":3752,"date":"2019-10-20T09:48:19","date_gmt":"2019-10-20T09:48:19","guid":{"rendered":"https:\/\/delinoprofessional.be\/?post_type=product&#038;p=3752"},"modified":"2025-10-29T20:00:35","modified_gmt":"2025-10-29T20:00:35","slug":"tomato-ketchup","status":"publish","type":"product","link":"https:\/\/delinoprofessional.be\/fr\/produit\/tomato-ketchup\/","title":{"rendered":"TOMATO KETCHUP"},"content":{"rendered":"","protected":false},"excerpt":{"rendered":"<p>Licht vloeibare typische D\u00e9lino Tomato Ketchup.<\/p>\n<p>De perfecte saus bij al jouw snacks, belegde broodjes en salades.<\/p>\n<p>&nbsp;<\/p>\n<p>Disponible dans l'emballage suivant:<\/p>\n<p>[maxbutton id=\"2\" ] [maxbutton id=\"7\" ] [maxbutton id=\"10\" ]<\/p>\n<p>&nbsp;<\/p>\n<p>Id\u00e9es de recettes d\u00e9licieuses et savoureuses ci-dessous. <br>(La traduction de toutes les recettes est en cours de d\u00e9veloppement.)<\/p>\n[the-post-grid id=\"11633\" title=\"Tomato Ketchup\"]","protected":false},"featured_media":10325,"template":"","meta":{"om_disable_all_campaigns":false,"wprm-recipe-roundup-name":"","wprm-recipe-roundup-description":"","wpupg_custom_link":[],"wpupg_custom_link_behaviour":["default"],"wpupg_custom_link_nofollow":["default"],"wpupg_custom_image":[],"wpupg_custom_image_id":[],"_monsterinsights_skip_tracking":false,"_monsterinsights_sitenote_active":false,"_monsterinsights_sitenote_note":"","_monsterinsights_sitenote_category":0,"_uf_show_specific_survey":0,"_uf_disable_surveys":false},"product_brand":[],"product_cat":[37],"product_tag":[531,538,541,523],"class_list":{"0":"post-3752","1":"product","2":"type-product","3":"status-publish","4":"has-post-thumbnail","6":"product_cat-professionals","7":"product_tag-1l-tube","8":"product_tag-3l-pet","9":"product_tag-5-6kg-bidon","10":"product_tag-koude-sauzen","12":"first","13":"instock","14":"shipping-taxable","15":"product-type-simple"},"aioseo_notices":[],"yoast_head":"<!-- This site is optimized with the Yoast SEO plugin v26.5 - https:\/\/yoast.com\/wordpress\/plugins\/seo\/ -->\n<title>TOMATO KETCHUP - Delino Professional<\/title>\n<meta name=\"description\" content=\"Licht vloeibare typische D\u00e9lino Tomato Ketchup. De perfecte saus bij al jouw snacks, belegde broodjes en salades.\" \/>\n<meta name=\"robots\" content=\"index, follow, max-snippet:-1, max-image-preview:large, max-video-preview:-1\" \/>\n<link rel=\"canonical\" href=\"https:\/\/delinoprofessional.be\/fr\/produit\/tomato-ketchup\/\" \/>\n<meta property=\"og:locale\" content=\"fr_FR\" \/>\n<meta property=\"og:type\" content=\"article\" \/>\n<meta property=\"og:title\" content=\"TOMATO KETCHUP - Delino Professional\" \/>\n<meta property=\"og:description\" content=\"Licht vloeibare typische D\u00e9lino Tomato Ketchup. De perfecte saus bij al jouw snacks, belegde broodjes en salades.\" \/>\n<meta property=\"og:url\" content=\"https:\/\/delinoprofessional.be\/fr\/produit\/tomato-ketchup\/\" \/>\n<meta property=\"og:site_name\" content=\"Delino Professional\" \/>\n<meta property=\"article:publisher\" content=\"https:\/\/www.facebook.com\/DelinoSauces\/\" \/>\n<meta property=\"article:modified_time\" content=\"2025-10-29T20:00:35+00:00\" \/>\n<meta property=\"og:image\" content=\"https:\/\/delinoprofessional.be\/wp-content\/uploads\/2019\/10\/Ketchup.png\" \/>\n\t<meta property=\"og:image:width\" content=\"568\" \/>\n\t<meta property=\"og:image:height\" content=\"568\" \/>\n\t<meta property=\"og:image:type\" content=\"image\/png\" \/>\n<meta name=\"twitter:card\" content=\"summary_large_image\" \/>\n<meta name=\"twitter:label1\" content=\"Est. reading time\" \/>\n\t<meta name=\"twitter:data1\" content=\"1 minute\" \/>\n<script type=\"application\/ld+json\" class=\"yoast-schema-graph\">{\"@context\":\"https:\/\/schema.org\",\"@graph\":[{\"@type\":\"WebPage\",\"@id\":\"https:\/\/delinoprofessional.be\/product\/tomato-ketchup\/\",\"url\":\"https:\/\/delinoprofessional.be\/product\/tomato-ketchup\/\",\"name\":\"TOMATO KETCHUP - Delino Professional\",\"isPartOf\":{\"@id\":\"https:\/\/delinoprofessional.be\/#website\"},\"primaryImageOfPage\":{\"@id\":\"https:\/\/delinoprofessional.be\/product\/tomato-ketchup\/#primaryimage\"},\"image\":{\"@id\":\"https:\/\/delinoprofessional.be\/product\/tomato-ketchup\/#primaryimage\"},\"thumbnailUrl\":\"https:\/\/delinoprofessional.be\/wp-content\/uploads\/2019\/10\/Ketchup.png\",\"datePublished\":\"2019-10-20T09:48:19+00:00\",\"dateModified\":\"2025-10-29T20:00:35+00:00\",\"description\":\"Licht vloeibare typische D\u00e9lino Tomato Ketchup. De perfecte saus bij al jouw snacks, belegde broodjes en salades.\",\"breadcrumb\":{\"@id\":\"https:\/\/delinoprofessional.be\/product\/tomato-ketchup\/#breadcrumb\"},\"inLanguage\":\"fr-FR\",\"potentialAction\":[{\"@type\":\"ReadAction\",\"target\":[\"https:\/\/delinoprofessional.be\/product\/tomato-ketchup\/\"]}]},{\"@type\":\"ImageObject\",\"inLanguage\":\"fr-FR\",\"@id\":\"https:\/\/delinoprofessional.be\/product\/tomato-ketchup\/#primaryimage\",\"url\":\"https:\/\/delinoprofessional.be\/wp-content\/uploads\/2019\/10\/Ketchup.png\",\"contentUrl\":\"https:\/\/delinoprofessional.be\/wp-content\/uploads\/2019\/10\/Ketchup.png\",\"width\":568,\"height\":568},{\"@type\":\"BreadcrumbList\",\"@id\":\"https:\/\/delinoprofessional.be\/product\/tomato-ketchup\/#breadcrumb\",\"itemListElement\":[{\"@type\":\"ListItem\",\"position\":1,\"name\":\"Home\",\"item\":\"https:\/\/delinoprofessional.be\/\"},{\"@type\":\"ListItem\",\"position\":2,\"name\":\"Shop\",\"item\":\"https:\/\/delinoprofessional.be\/nl\/shop\/\"},{\"@type\":\"ListItem\",\"position\":3,\"name\":\"TOMATO KETCHUP\"}]},{\"@type\":\"WebSite\",\"@id\":\"https:\/\/delinoprofessional.be\/#website\",\"url\":\"https:\/\/delinoprofessional.be\/\",\"name\":\"Delino Professional\",\"description\":\"ge(s)maakt door fijnproevers\",\"publisher\":{\"@id\":\"https:\/\/delinoprofessional.be\/#organization\"},\"potentialAction\":[{\"@type\":\"SearchAction\",\"target\":{\"@type\":\"EntryPoint\",\"urlTemplate\":\"https:\/\/delinoprofessional.be\/?s={search_term_string}\"},\"query-input\":{\"@type\":\"PropertyValueSpecification\",\"valueRequired\":true,\"valueName\":\"search_term_string\"}}],\"inLanguage\":\"fr-FR\"},{\"@type\":\"Organization\",\"@id\":\"https:\/\/delinoprofessional.be\/#organization\",\"name\":\"Delino\",\"url\":\"https:\/\/delinoprofessional.be\/\",\"logo\":{\"@type\":\"ImageObject\",\"inLanguage\":\"fr-FR\",\"@id\":\"https:\/\/delinoprofessional.be\/#\/schema\/logo\/image\/\",\"url\":\"https:\/\/delinoprofessional.be\/wp-content\/uploads\/2020\/03\/Delino-logo.png\",\"contentUrl\":\"https:\/\/delinoprofessional.be\/wp-content\/uploads\/2020\/03\/Delino-logo.png\",\"width\":200,\"height\":178,\"caption\":\"Delino\"},\"image\":{\"@id\":\"https:\/\/delinoprofessional.be\/#\/schema\/logo\/image\/\"},\"sameAs\":[\"https:\/\/www.facebook.com\/DelinoSauces\/\",\"https:\/\/www.instagram.com\/delino_fine_sauces\/\",\"https:\/\/www.linkedin.com\/company\/delino-fine-sauces\/?originalSubdomain=be\"]}]}<\/script>\n<!-- \/ Yoast SEO plugin. -->","yoast_head_json":{"title":"TOMATO KETCHUP - Delino Professional","description":"Licht vloeibare typische D\u00e9lino Tomato Ketchup. De perfecte saus bij al jouw snacks, belegde broodjes en salades.","robots":{"index":"index","follow":"follow","max-snippet":"max-snippet:-1","max-image-preview":"max-image-preview:large","max-video-preview":"max-video-preview:-1"},"canonical":"https:\/\/delinoprofessional.be\/fr\/produit\/tomato-ketchup\/","og_locale":"fr_FR","og_type":"article","og_title":"TOMATO KETCHUP - Delino Professional","og_description":"Licht vloeibare typische D\u00e9lino Tomato Ketchup. De perfecte saus bij al jouw snacks, belegde broodjes en salades.","og_url":"https:\/\/delinoprofessional.be\/fr\/produit\/tomato-ketchup\/","og_site_name":"Delino Professional","article_publisher":"https:\/\/www.facebook.com\/DelinoSauces\/","article_modified_time":"2025-10-29T20:00:35+00:00","og_image":[{"width":568,"height":568,"url":"https:\/\/delinoprofessional.be\/wp-content\/uploads\/2019\/10\/Ketchup.png","type":"image\/png"}],"twitter_card":"summary_large_image","twitter_misc":{"Est. reading time":"1 minute"},"schema":{"@context":"https:\/\/schema.org","@graph":[{"@type":"WebPage","@id":"https:\/\/delinoprofessional.be\/product\/tomato-ketchup\/","url":"https:\/\/delinoprofessional.be\/product\/tomato-ketchup\/","name":"TOMATO KETCHUP - Delino Professional","isPartOf":{"@id":"https:\/\/delinoprofessional.be\/#website"},"primaryImageOfPage":{"@id":"https:\/\/delinoprofessional.be\/product\/tomato-ketchup\/#primaryimage"},"image":{"@id":"https:\/\/delinoprofessional.be\/product\/tomato-ketchup\/#primaryimage"},"thumbnailUrl":"https:\/\/delinoprofessional.be\/wp-content\/uploads\/2019\/10\/Ketchup.png","datePublished":"2019-10-20T09:48:19+00:00","dateModified":"2025-10-29T20:00:35+00:00","description":"Licht vloeibare typische D\u00e9lino Tomato Ketchup. De perfecte saus bij al jouw snacks, belegde broodjes en salades.","breadcrumb":{"@id":"https:\/\/delinoprofessional.be\/product\/tomato-ketchup\/#breadcrumb"},"inLanguage":"fr-FR","potentialAction":[{"@type":"ReadAction","target":["https:\/\/delinoprofessional.be\/product\/tomato-ketchup\/"]}]},{"@type":"ImageObject","inLanguage":"fr-FR","@id":"https:\/\/delinoprofessional.be\/product\/tomato-ketchup\/#primaryimage","url":"https:\/\/delinoprofessional.be\/wp-content\/uploads\/2019\/10\/Ketchup.png","contentUrl":"https:\/\/delinoprofessional.be\/wp-content\/uploads\/2019\/10\/Ketchup.png","width":568,"height":568},{"@type":"BreadcrumbList","@id":"https:\/\/delinoprofessional.be\/product\/tomato-ketchup\/#breadcrumb","itemListElement":[{"@type":"ListItem","position":1,"name":"Home","item":"https:\/\/delinoprofessional.be\/"},{"@type":"ListItem","position":2,"name":"Shop","item":"https:\/\/delinoprofessional.be\/nl\/shop\/"},{"@type":"ListItem","position":3,"name":"TOMATO KETCHUP"}]},{"@type":"WebSite","@id":"https:\/\/delinoprofessional.be\/#website","url":"https:\/\/delinoprofessional.be\/","name":"Delino Professional","description":"ge(s)maakt door fijnproevers","publisher":{"@id":"https:\/\/delinoprofessional.be\/#organization"},"potentialAction":[{"@type":"SearchAction","target":{"@type":"EntryPoint","urlTemplate":"https:\/\/delinoprofessional.be\/?s={search_term_string}"},"query-input":{"@type":"PropertyValueSpecification","valueRequired":true,"valueName":"search_term_string"}}],"inLanguage":"fr-FR"},{"@type":"Organization","@id":"https:\/\/delinoprofessional.be\/#organization","name":"Delino","url":"https:\/\/delinoprofessional.be\/","logo":{"@type":"ImageObject","inLanguage":"fr-FR","@id":"https:\/\/delinoprofessional.be\/#\/schema\/logo\/image\/","url":"https:\/\/delinoprofessional.be\/wp-content\/uploads\/2020\/03\/Delino-logo.png","contentUrl":"https:\/\/delinoprofessional.be\/wp-content\/uploads\/2020\/03\/Delino-logo.png","width":200,"height":178,"caption":"Delino"},"image":{"@id":"https:\/\/delinoprofessional.be\/#\/schema\/logo\/image\/"},"sameAs":["https:\/\/www.facebook.com\/DelinoSauces\/","https:\/\/www.instagram.com\/delino_fine_sauces\/","https:\/\/www.linkedin.com\/company\/delino-fine-sauces\/?originalSubdomain=be"]}]}},"_links":{"self":[{"href":"https:\/\/delinoprofessional.be\/fr\/wp-json\/wp\/v2\/product\/3752","targetHints":{"allow":["GET"]}}],"collection":[{"href":"https:\/\/delinoprofessional.be\/fr\/wp-json\/wp\/v2\/product"}],"about":[{"href":"https:\/\/delinoprofessional.be\/fr\/wp-json\/wp\/v2\/types\/product"}],"wp:featuredmedia":[{"embeddable":true,"href":"https:\/\/delinoprofessional.be\/fr\/wp-json\/wp\/v2\/media\/10325"}],"wp:attachment":[{"href":"https:\/\/delinoprofessional.be\/fr\/wp-json\/wp\/v2\/media?parent=3752"}],"wp:term":[{"taxonomy":"product_brand","embeddable":true,"href":"https:\/\/delinoprofessional.be\/fr\/wp-json\/wp\/v2\/product_brand?post=3752"},{"taxonomy":"product_cat","embeddable":true,"href":"https:\/\/delinoprofessional.be\/fr\/wp-json\/wp\/v2\/product_cat?post=3752"},{"taxonomy":"product_tag","embeddable":true,"href":"https:\/\/delinoprofessional.be\/fr\/wp-json\/wp\/v2\/product_tag?post=3752"}],"curies":[{"name":"wp","href":"https:\/\/api.w.org\/{rel}","templated":true}]}}